{"id":469,"date":"2022-09-28T05:20:35","date_gmt":"2022-09-28T02:20:35","guid":{"rendered":"http:\/\/kaura.local\/?page_id=469"},"modified":"2023-12-02T00:59:31","modified_gmt":"2023-12-01T22:59:31","slug":"ota-yhteytta","status":"publish","type":"page","link":"https:\/\/raudaskoski.fi\/kaura\/ota-yhteytta\/","title":{"rendered":"Ota yhteytt\u00e4"},"content":{"rendered":"<style>.kb-row-layout-id358_0a07d2-d1 > .kt-row-column-wrap{align-content:start;}:where(.kb-row-layout-id358_0a07d2-d1 > .kt-row-column-wrap) > .wp-block-kadence-column{justify-content:start;}.kb-row-layout-id358_0a07d2-d1 > .kt-row-column-wrap{column-gap:var(--global-kb-gap-md, 2rem);row-gap:var(--global-kb-gap-md, 2rem);max-width:800px;margin-left:auto;margin-right:auto;padding-top:var(--global-kb-spacing-sm, 1.5rem);padding-bottom:var(--global-kb-spacing-sm, 1.5rem);grid-template-columns:repeat(2, minmax(0, 1fr));}.kb-row-layout-id358_0a07d2-d1 > .kt-row-layout-overlay{opacity:0.30;}@media all and (max-width: 1024px){.kb-row-layout-id358_0a07d2-d1 > .kt-row-column-wrap{grid-template-columns:repeat(2, minmax(0, 1fr));}}@media all and (max-width: 767px){.kb-row-layout-id358_0a07d2-d1 > .kt-row-column-wrap{grid-template-columns:minmax(0, 1fr);}}<\/style><div class=\"kb-row-layout-wrap kb-row-layout-id358_0a07d2-d1 aligncenter tietolaatikko wp-block-kadence-rowlayout\"><div class=\"kt-row-column-wrap kt-has-2-columns kt-row-layout-equal kt-tab-layout-equal kt-mobile-layout-row kt-row-valign-top\">\n<style>.kadence-column358_1b75cf-02 > .kt-inside-inner-col,.kadence-column358_1b75cf-02 > .kt-inside-inner-col:before{border-top-left-radius:0px;border-top-right-radius:0px;border-bottom-right-radius:0px;border-bottom-left-radius:0px;}.kadence-column358_1b75cf-02 > .kt-inside-inner-col{column-gap:var(--global-kb-gap-sm, 1rem);}.kadence-column358_1b75cf-02 > .kt-inside-inner-col{flex-direction:column;}.kadence-column358_1b75cf-02 > .kt-inside-inner-col > .aligncenter{width:100%;}.kadence-column358_1b75cf-02 > .kt-inside-inner-col:before{opacity:0.3;}.kadence-column358_1b75cf-02{text-align:right;}.kadence-column358_1b75cf-02{position:relative;}@media all and (max-width: 1024px){.kadence-column358_1b75cf-02 > .kt-inside-inner-col{flex-direction:column;justify-content:center;}}@media all and (max-width: 767px){.kadence-column358_1b75cf-02{text-align:left;}.kadence-column358_1b75cf-02 > .kt-inside-inner-col{flex-direction:column;justify-content:center;}}<\/style>\n<div class=\"wp-block-kadence-column kadence-column358_1b75cf-02 kb-section-dir-vertical inner-column-1\"><div class=\"kt-inside-inner-col\"><style>.wp-block-kadence-advancedheading.kt-adv-heading358_0e524d-18, .wp-block-kadence-advancedheading.kt-adv-heading358_0e524d-18[data-kb-block=\"kb-adv-heading358_0e524d-18\"]{text-align:right;font-style:normal;}.wp-block-kadence-advancedheading.kt-adv-heading358_0e524d-18 mark.kt-highlight, .wp-block-kadence-advancedheading.kt-adv-heading358_0e524d-18[data-kb-block=\"kb-adv-heading358_0e524d-18\"] mark.kt-highlight{font-style:normal;color:#f76a0c;-webkit-box-decoration-break:clone;box-decoration-break:clone;padding-top:0px;padding-right:0px;padding-bottom:0px;padding-left:0px;}.wp-block-kadence-advancedheading.kt-adv-heading358_0e524d-18 img.kb-inline-image, .wp-block-kadence-advancedheading.kt-adv-heading358_0e524d-18[data-kb-block=\"kb-adv-heading358_0e524d-18\"] img.kb-inline-image{width:150px;vertical-align:baseline;}@media all and (max-width: 767px){.wp-block-kadence-advancedheading.kt-adv-heading358_0e524d-18, .wp-block-kadence-advancedheading.kt-adv-heading358_0e524d-18[data-kb-block=\"kb-adv-heading358_0e524d-18\"]{text-align:center!important;}}<\/style>\n<p class=\"kt-adv-heading358_0e524d-18 wp-block-kadence-advancedheading\" data-kb-block=\"kb-adv-heading358_0e524d-18\">Kaura Raudaskoski<\/p>\n\n\n<style>.wp-block-kadence-advancedheading.kt-adv-heading358_36105f-ad, .wp-block-kadence-advancedheading.kt-adv-heading358_36105f-ad[data-kb-block=\"kb-adv-heading358_36105f-ad\"]{text-align:right;font-style:normal;}.wp-block-kadence-advancedheading.kt-adv-heading358_36105f-ad mark.kt-highlight, .wp-block-kadence-advancedheading.kt-adv-heading358_36105f-ad[data-kb-block=\"kb-adv-heading358_36105f-ad\"] mark.kt-highlight{font-style:normal;color:#f76a0c;-webkit-box-decoration-break:clone;box-decoration-break:clone;padding-top:0px;padding-right:0px;padding-bottom:0px;padding-left:0px;}.wp-block-kadence-advancedheading.kt-adv-heading358_36105f-ad img.kb-inline-image, .wp-block-kadence-advancedheading.kt-adv-heading358_36105f-ad[data-kb-block=\"kb-adv-heading358_36105f-ad\"] img.kb-inline-image{width:150px;vertical-align:baseline;}@media all and (max-width: 767px){.wp-block-kadence-advancedheading.kt-adv-heading358_36105f-ad, .wp-block-kadence-advancedheading.kt-adv-heading358_36105f-ad[data-kb-block=\"kb-adv-heading358_36105f-ad\"]{text-align:center!important;}}<\/style>\n<p class=\"kt-adv-heading358_36105f-ad wp-block-kadence-advancedheading\" data-kb-block=\"kb-adv-heading358_36105f-ad\">s. 1990 Naantalissa<\/p>\n\n\n<style>.wp-block-kadence-advancedheading.kt-adv-heading358_faa23e-e5, .wp-block-kadence-advancedheading.kt-adv-heading358_faa23e-e5[data-kb-block=\"kb-adv-heading358_faa23e-e5\"]{text-align:right;font-style:normal;}.wp-block-kadence-advancedheading.kt-adv-heading358_faa23e-e5 mark.kt-highlight, .wp-block-kadence-advancedheading.kt-adv-heading358_faa23e-e5[data-kb-block=\"kb-adv-heading358_faa23e-e5\"] mark.kt-highlight{font-style:normal;color:#f76a0c;-webkit-box-decoration-break:clone;box-decoration-break:clone;padding-top:0px;padding-right:0px;padding-bottom:0px;padding-left:0px;}.wp-block-kadence-advancedheading.kt-adv-heading358_faa23e-e5 img.kb-inline-image, .wp-block-kadence-advancedheading.kt-adv-heading358_faa23e-e5[data-kb-block=\"kb-adv-heading358_faa23e-e5\"] img.kb-inline-image{width:150px;vertical-align:baseline;}@media all and (max-width: 767px){.wp-block-kadence-advancedheading.kt-adv-heading358_faa23e-e5, .wp-block-kadence-advancedheading.kt-adv-heading358_faa23e-e5[data-kb-block=\"kb-adv-heading358_faa23e-e5\"]{text-align:center!important;}}<\/style>\n<p class=\"kt-adv-heading358_faa23e-e5 wp-block-kadence-advancedheading\" data-kb-block=\"kb-adv-heading358_faa23e-e5\">Asuu ja ty\u00f6skentelee Helsingiss\u00e4<\/p>\n<\/div><\/div>\n\n\n<style>.kadence-column358_738310-af > .kt-inside-inner-col,.kadence-column358_738310-af > .kt-inside-inner-col:before{border-top-left-radius:0px;border-top-right-radius:0px;border-bottom-right-radius:0px;border-bottom-left-radius:0px;}.kadence-column358_738310-af > .kt-inside-inner-col{column-gap:var(--global-kb-gap-sm, 1rem);}.kadence-column358_738310-af > .kt-inside-inner-col{flex-direction:column;}.kadence-column358_738310-af > .kt-inside-inner-col > .aligncenter{width:100%;}.kadence-column358_738310-af > .kt-inside-inner-col:before{opacity:0.3;}.kadence-column358_738310-af{text-align:left;}.kadence-column358_738310-af{position:relative;}@media all and (max-width: 1024px){.kadence-column358_738310-af > .kt-inside-inner-col{flex-direction:column;justify-content:center;}}@media all and (max-width: 767px){.kadence-column358_738310-af > .kt-inside-inner-col{flex-direction:column;justify-content:center;}}<\/style>\n<div class=\"wp-block-kadence-column kadence-column358_738310-af inner-column-2\"><div class=\"kt-inside-inner-col\"><style>.wp-block-kadence-advancedheading.kt-adv-heading358_10902a-82, .wp-block-kadence-advancedheading.kt-adv-heading358_10902a-82[data-kb-block=\"kb-adv-heading358_10902a-82\"]{text-align:left;font-style:normal;}.wp-block-kadence-advancedheading.kt-adv-heading358_10902a-82 mark.kt-highlight, .wp-block-kadence-advancedheading.kt-adv-heading358_10902a-82[data-kb-block=\"kb-adv-heading358_10902a-82\"] mark.kt-highlight{font-style:normal;color:#f76a0c;-webkit-box-decoration-break:clone;box-decoration-break:clone;padding-top:0px;padding-right:0px;padding-bottom:0px;padding-left:0px;}.wp-block-kadence-advancedheading.kt-adv-heading358_10902a-82 img.kb-inline-image, .wp-block-kadence-advancedheading.kt-adv-heading358_10902a-82[data-kb-block=\"kb-adv-heading358_10902a-82\"] img.kb-inline-image{width:150px;vertical-align:baseline;}@media all and (max-width: 767px){.wp-block-kadence-advancedheading.kt-adv-heading358_10902a-82, .wp-block-kadence-advancedheading.kt-adv-heading358_10902a-82[data-kb-block=\"kb-adv-heading358_10902a-82\"]{text-align:center!important;}}<\/style>\n<p class=\"kt-adv-heading358_10902a-82 wp-block-kadence-advancedheading\" data-kb-block=\"kb-adv-heading358_10902a-82\">Pronominit: <a rel=\"noreferrer noopener\" href=\"https:\/\/en.wikipedia.org\/wiki\/Singular_they\" target=\"_blank\">they<\/a>, <a rel=\"noreferrer noopener\" href=\"https:\/\/fi.wikipedia.org\/wiki\/Hen-pronomini\" target=\"_blank\">hen<\/a>, <a rel=\"noreferrer noopener\" href=\"https:\/\/en.wikipedia.org\/wiki\/Iel_(pronoun)\" target=\"_blank\">iel<\/a><\/p>\n\n\n<style>.wp-block-kadence-advancedheading.kt-adv-heading358_dcc422-4b, .wp-block-kadence-advancedheading.kt-adv-heading358_dcc422-4b[data-kb-block=\"kb-adv-heading358_dcc422-4b\"]{text-align:left;font-style:normal;}.wp-block-kadence-advancedheading.kt-adv-heading358_dcc422-4b mark.kt-highlight, .wp-block-kadence-advancedheading.kt-adv-heading358_dcc422-4b[data-kb-block=\"kb-adv-heading358_dcc422-4b\"] mark.kt-highlight{font-style:normal;color:#f76a0c;-webkit-box-decoration-break:clone;box-decoration-break:clone;padding-top:0px;padding-right:0px;padding-bottom:0px;padding-left:0px;}.wp-block-kadence-advancedheading.kt-adv-heading358_dcc422-4b img.kb-inline-image, .wp-block-kadence-advancedheading.kt-adv-heading358_dcc422-4b[data-kb-block=\"kb-adv-heading358_dcc422-4b\"] img.kb-inline-image{width:150px;vertical-align:baseline;}@media all and (max-width: 767px){.wp-block-kadence-advancedheading.kt-adv-heading358_dcc422-4b, .wp-block-kadence-advancedheading.kt-adv-heading358_dcc422-4b[data-kb-block=\"kb-adv-heading358_dcc422-4b\"]{text-align:center!important;}}<\/style>\n<p class=\"kt-adv-heading358_dcc422-4b wp-block-kadence-advancedheading\" data-kb-block=\"kb-adv-heading358_dcc422-4b\">kaura@raudaskoski.fi<\/p>\n\n\n<style>.wp-block-kadence-advancedheading.kt-adv-heading358_7de55e-26, .wp-block-kadence-advancedheading.kt-adv-heading358_7de55e-26[data-kb-block=\"kb-adv-heading358_7de55e-26\"]{text-align:left;font-style:normal;}.wp-block-kadence-advancedheading.kt-adv-heading358_7de55e-26 mark.kt-highlight, .wp-block-kadence-advancedheading.kt-adv-heading358_7de55e-26[data-kb-block=\"kb-adv-heading358_7de55e-26\"] mark.kt-highlight{font-style:normal;color:#f76a0c;-webkit-box-decoration-break:clone;box-decoration-break:clone;padding-top:0px;padding-right:0px;padding-bottom:0px;padding-left:0px;}.wp-block-kadence-advancedheading.kt-adv-heading358_7de55e-26 img.kb-inline-image, .wp-block-kadence-advancedheading.kt-adv-heading358_7de55e-26[data-kb-block=\"kb-adv-heading358_7de55e-26\"] img.kb-inline-image{width:150px;vertical-align:baseline;}@media all and (max-width: 767px){.wp-block-kadence-advancedheading.kt-adv-heading358_7de55e-26, .wp-block-kadence-advancedheading.kt-adv-heading358_7de55e-26[data-kb-block=\"kb-adv-heading358_7de55e-26\"]{text-align:center!important;}}<\/style>\n<p class=\"kt-adv-heading358_7de55e-26 wp-block-kadence-advancedheading\" data-kb-block=\"kb-adv-heading358_7de55e-26\"><a href=\"https:\/\/feministinenpedagogiikka.fi\">feministinenpedagogiikka.net<\/a><\/p>\n<\/div><\/div>\n\n<\/div><\/div>\n\n<style>.kadence-form-469_185874-81 .kb-form .kadence-blocks-form-field .kb-forms-submit{border-radius:0px;}.kb-form input.kadence-blocks-field.verify{opacity:0.0;position:absolute;top:0.0;left:0.0;width:0.0;height:0.0;z-index:-1;}<\/style>\n<div class=\"wp-block-kadence-form kadence-form-469_185874-81 kb-form-wrap kb-form-align-center\"><form class=\"kb-form\" action=\"\" method=\"post\" data-error-message=\"Ole hyv\u00e4 ja t\u00e4yt\u00e4 puuttuvat tiedot\"><div class=\"kadence-blocks-form-field kb-field-desk-width-100 kb-input-size-standard\"><label for=\"kb_field_469_185874-81_0\">Nimi<span class=\"required\">*<\/span><\/label><input name=\"kb_field_0\" id=\"kb_field_469_185874-81_0\" data-label=\"Nimi\" type=\"text\" placeholder=\"\" value=\"\" data-type=\"text\" class=\"kb-field kb-text-style-field kb-text-field kb-field-0\" data-required=\"yes\"\/><\/div><div class=\"kadence-blocks-form-field kb-form-field-1 kb-field-desk-width-100 kb-input-size-standard\"><label for=\"kb_field_469_185874-81_1\">Email<span class=\"required\">*<\/span><\/label><input name=\"kb_field_1\" id=\"kb_field_469_185874-81_1\" data-label=\"Email\" type=\"email\" placeholder=\"\" value=\"\" data-type=\"email\" class=\"kb-field kb-text-style-field kb-email-field kb-field-1\" data-required=\"yes\"\/><\/div><div class=\"kadence-blocks-form-field kb-form-field-2 kb-field-desk-width-100 kb-input-size-standard\"><label for=\"kb_field_469_185874-81_2\">Viesti<span class=\"required\">*<\/span><\/label><textarea name=\"kb_field_2\" id=\"kb_field_469_185874-81_2\" data-label=\"Viesti\" type=\"textarea\" placeholder=\"\" data-type=\"textarea\" class=\"kb-field kb-text-style-field kb-textarea-field kb-field-2\" rows=\"4\" data-required=\"yes\"><\/textarea><\/div><input type=\"hidden\" name=\"_kb_form_id\" value=\"469_185874-81\"\/><input type=\"hidden\" name=\"_kb_form_post_id\" value=\"469\"\/><input type=\"hidden\" name=\"action\" value=\"kb_process_ajax_submit\"\/><input type=\"hidden\" name=\"recaptcha_response\" class=\"kb_recaptcha_response kb_recaptcha_469_185874-81\"\/><label class=\"kadence-verify-label\">Email<input class=\"kadence-blocks-field verify\" type=\"text\" name=\"_kb_verify_email\" autocomplete=\"new-password\" aria-hidden=\"true\" placeholder=\"Email\" tabindex=\"-1\" data-1p-ignore=\"true\" data-lpignore=\"true\" \/><\/label><div class=\"kadence-blocks-form-field kb-submit-field kb-field-desk-width-100\"><span id=\"kb_submit_label_469_185874-81\" class=\"screen-reader-text kb-submit-desc-label\">L\u00e4het\u00e4 yhteydenottolomakkeen tiedot<\/span><button aria-describedby=\"kb_submit_label_469_185874-81\" class=\"kb-forms-submit button kb-button-size-large kb-button-width-auto\">Submit<\/button><\/div><\/form><\/div>\n<noscript><div class=\"kadence-blocks-form-message kadence-blocks-form-warning\">Please enable JavaScript in your browser to submit the form<\/div><style>.kadence-form-469_185874-81 .kadence-blocks-form-field.kb-submit-field { display: none; }<\/style><\/noscript>\n\n\n<h2 class=\"wp-block-heading\">Huomioita saavutettavuudesta<\/h2>\n\n\n\n<p><strong>Yhteydenotot: <\/strong>Suosin s\u00e4hk\u00f6postia yhteydenottomuotona \u2013 my\u00f6s yll\u00e4 oleva lomake tulee s\u00e4hk\u00f6postina perille. Vastaamisessa saattaa kest\u00e4\u00e4, joten olethan k\u00e4rsiv\u00e4llinen ja varaat riitt\u00e4v\u00e4sti aikaa toimeksiantoihin, konsultointeihin sek\u00e4 tarjouspyynt\u00f6ihin.<\/p>\n\n\n\n<p><strong>Esiintyminen:<\/strong> Esiinnyn ja opetan mieluiten paikoissa, joissa on sukupuolittamaton WC ja joissa on kiinnitetty erityist\u00e4 huomiota sosiaaliseen saavutettavuuteen sek\u00e4 fyysiseen esteett\u00f6myyteen ja joista on julkaistuna kattavat saavutettavuustiedot.<\/p>\n","protected":false},"excerpt":{"rendered":"<p>Huomioita saavutettavuudesta Yhteydenotot: Suosin s\u00e4hk\u00f6postia yhteydenottomuotona \u2013 my\u00f6s yll\u00e4 oleva lomake tulee s\u00e4hk\u00f6postina perille. Vastaamisessa saattaa kest\u00e4\u00e4, joten olethan k\u00e4rsiv\u00e4llinen ja varaat riitt\u00e4v\u00e4sti aikaa toimeksiantoihin, konsultointeihin sek\u00e4 tarjouspyynt\u00f6ihin. Esiintyminen: Esiinnyn ja opetan mieluiten paikoissa, joissa on sukupuolittamaton WC ja joissa on kiinnitetty erityist\u00e4 huomiota sosiaaliseen saavutettavuuteen sek\u00e4 fyysiseen esteett\u00f6myyteen ja joista on julkaistuna kattavat saavutettavuustiedot.<\/p>\n","protected":false},"author":1,"featured_media":0,"parent":0,"menu_order":0,"comment_status":"closed","ping_status":"closed","template":"","meta":{"_kad_blocks_custom_css":"","_kad_blocks_head_custom_js":"","_kad_blocks_body_custom_js":"","_kad_blocks_footer_custom_js":"","_kad_post_transparent":"","_kad_post_title":"","_kad_post_layout":"","_kad_post_sidebar_id":"","_kad_post_content_style":"","_kad_post_vertical_padding":"","_kad_post_feature":"","_kad_post_feature_position":"","_kad_post_header":false,"_kad_post_footer":false,"_kad_post_classname":"","footnotes":""},"class_list":["post-469","page","type-page","status-publish","hentry"],"taxonomy_info":[],"featured_image_src_large":false,"author_info":{"display_name":"Kaura","author_link":"https:\/\/raudaskoski.fi\/kaura\/author\/kaura\/"},"comment_info":0,"_links":{"self":[{"href":"https:\/\/raudaskoski.fi\/kaura\/wp-json\/wp\/v2\/pages\/469","targetHints":{"allow":["GET"]}}],"collection":[{"href":"https:\/\/raudaskoski.fi\/kaura\/wp-json\/wp\/v2\/pages"}],"about":[{"href":"https:\/\/raudaskoski.fi\/kaura\/wp-json\/wp\/v2\/types\/page"}],"author":[{"embeddable":true,"href":"https:\/\/raudaskoski.fi\/kaura\/wp-json\/wp\/v2\/users\/1"}],"replies":[{"embeddable":true,"href":"https:\/\/raudaskoski.fi\/kaura\/wp-json\/wp\/v2\/comments?post=469"}],"version-history":[{"count":6,"href":"https:\/\/raudaskoski.fi\/kaura\/wp-json\/wp\/v2\/pages\/469\/revisions"}],"predecessor-version":[{"id":889,"href":"https:\/\/raudaskoski.fi\/kaura\/wp-json\/wp\/v2\/pages\/469\/revisions\/889"}],"wp:attachment":[{"href":"https:\/\/raudaskoski.fi\/kaura\/wp-json\/wp\/v2\/media?parent=469"}],"curies":[{"name":"wp","href":"https:\/\/api.w.org\/{rel}","templated":true}]}}