{"id":192,"date":"2022-09-24T10:33:45","date_gmt":"2022-09-24T10:33:45","guid":{"rendered":"http:\/\/kaura.local\/?page_id=192"},"modified":"2023-12-01T20:17:35","modified_gmt":"2023-12-01T18:17:35","slug":"info","status":"publish","type":"page","link":"https:\/\/raudaskoski.fi\/kaura\/info\/","title":{"rendered":"Info"},"content":{"rendered":"<style>.kb-row-layout-id358_0a07d2-d1 > .kt-row-column-wrap{align-content:start;}:where(.kb-row-layout-id358_0a07d2-d1 > .kt-row-column-wrap) > .wp-block-kadence-column{justify-content:start;}.kb-row-layout-id358_0a07d2-d1 > .kt-row-column-wrap{column-gap:var(--global-kb-gap-md, 2rem);row-gap:var(--global-kb-gap-md, 2rem);max-width:800px;margin-left:auto;margin-right:auto;padding-top:var(--global-kb-spacing-sm, 1.5rem);padding-bottom:var(--global-kb-spacing-sm, 1.5rem);grid-template-columns:repeat(2, minmax(0, 1fr));}.kb-row-layout-id358_0a07d2-d1 > .kt-row-layout-overlay{opacity:0.30;}@media all and (max-width: 1024px){.kb-row-layout-id358_0a07d2-d1 > .kt-row-column-wrap{grid-template-columns:repeat(2, minmax(0, 1fr));}}@media all and (max-width: 767px){.kb-row-layout-id358_0a07d2-d1 > .kt-row-column-wrap{grid-template-columns:minmax(0, 1fr);}}<\/style><div class=\"kb-row-layout-wrap kb-row-layout-id358_0a07d2-d1 aligncenter tietolaatikko wp-block-kadence-rowlayout\"><div class=\"kt-row-column-wrap kt-has-2-columns kt-row-layout-equal kt-tab-layout-equal kt-mobile-layout-row kt-row-valign-top\">\n<style>.kadence-column358_1b75cf-02 > .kt-inside-inner-col,.kadence-column358_1b75cf-02 > .kt-inside-inner-col:before{border-top-left-radius:0px;border-top-right-radius:0px;border-bottom-right-radius:0px;border-bottom-left-radius:0px;}.kadence-column358_1b75cf-02 > .kt-inside-inner-col{column-gap:var(--global-kb-gap-sm, 1rem);}.kadence-column358_1b75cf-02 > .kt-inside-inner-col{flex-direction:column;}.kadence-column358_1b75cf-02 > .kt-inside-inner-col > .aligncenter{width:100%;}.kadence-column358_1b75cf-02 > .kt-inside-inner-col:before{opacity:0.3;}.kadence-column358_1b75cf-02{text-align:right;}.kadence-column358_1b75cf-02{position:relative;}@media all and (max-width: 1024px){.kadence-column358_1b75cf-02 > .kt-inside-inner-col{flex-direction:column;justify-content:center;}}@media all and (max-width: 767px){.kadence-column358_1b75cf-02{text-align:left;}.kadence-column358_1b75cf-02 > .kt-inside-inner-col{flex-direction:column;justify-content:center;}}<\/style>\n<div class=\"wp-block-kadence-column kadence-column358_1b75cf-02 kb-section-dir-vertical inner-column-1\"><div class=\"kt-inside-inner-col\"><style>.wp-block-kadence-advancedheading.kt-adv-heading358_0e524d-18, .wp-block-kadence-advancedheading.kt-adv-heading358_0e524d-18[data-kb-block=\"kb-adv-heading358_0e524d-18\"]{text-align:right;font-style:normal;}.wp-block-kadence-advancedheading.kt-adv-heading358_0e524d-18 mark.kt-highlight, .wp-block-kadence-advancedheading.kt-adv-heading358_0e524d-18[data-kb-block=\"kb-adv-heading358_0e524d-18\"] mark.kt-highlight{font-style:normal;color:#f76a0c;-webkit-box-decoration-break:clone;box-decoration-break:clone;padding-top:0px;padding-right:0px;padding-bottom:0px;padding-left:0px;}.wp-block-kadence-advancedheading.kt-adv-heading358_0e524d-18 img.kb-inline-image, .wp-block-kadence-advancedheading.kt-adv-heading358_0e524d-18[data-kb-block=\"kb-adv-heading358_0e524d-18\"] img.kb-inline-image{width:150px;vertical-align:baseline;}@media all and (max-width: 767px){.wp-block-kadence-advancedheading.kt-adv-heading358_0e524d-18, .wp-block-kadence-advancedheading.kt-adv-heading358_0e524d-18[data-kb-block=\"kb-adv-heading358_0e524d-18\"]{text-align:center!important;}}<\/style>\n<p class=\"kt-adv-heading358_0e524d-18 wp-block-kadence-advancedheading\" data-kb-block=\"kb-adv-heading358_0e524d-18\">Kaura Raudaskoski<\/p>\n\n\n<style>.wp-block-kadence-advancedheading.kt-adv-heading358_36105f-ad, .wp-block-kadence-advancedheading.kt-adv-heading358_36105f-ad[data-kb-block=\"kb-adv-heading358_36105f-ad\"]{text-align:right;font-style:normal;}.wp-block-kadence-advancedheading.kt-adv-heading358_36105f-ad mark.kt-highlight, .wp-block-kadence-advancedheading.kt-adv-heading358_36105f-ad[data-kb-block=\"kb-adv-heading358_36105f-ad\"] mark.kt-highlight{font-style:normal;color:#f76a0c;-webkit-box-decoration-break:clone;box-decoration-break:clone;padding-top:0px;padding-right:0px;padding-bottom:0px;padding-left:0px;}.wp-block-kadence-advancedheading.kt-adv-heading358_36105f-ad img.kb-inline-image, .wp-block-kadence-advancedheading.kt-adv-heading358_36105f-ad[data-kb-block=\"kb-adv-heading358_36105f-ad\"] img.kb-inline-image{width:150px;vertical-align:baseline;}@media all and (max-width: 767px){.wp-block-kadence-advancedheading.kt-adv-heading358_36105f-ad, .wp-block-kadence-advancedheading.kt-adv-heading358_36105f-ad[data-kb-block=\"kb-adv-heading358_36105f-ad\"]{text-align:center!important;}}<\/style>\n<p class=\"kt-adv-heading358_36105f-ad wp-block-kadence-advancedheading\" data-kb-block=\"kb-adv-heading358_36105f-ad\">s. 1990 Naantalissa<\/p>\n\n\n<style>.wp-block-kadence-advancedheading.kt-adv-heading358_faa23e-e5, .wp-block-kadence-advancedheading.kt-adv-heading358_faa23e-e5[data-kb-block=\"kb-adv-heading358_faa23e-e5\"]{text-align:right;font-style:normal;}.wp-block-kadence-advancedheading.kt-adv-heading358_faa23e-e5 mark.kt-highlight, .wp-block-kadence-advancedheading.kt-adv-heading358_faa23e-e5[data-kb-block=\"kb-adv-heading358_faa23e-e5\"] mark.kt-highlight{font-style:normal;color:#f76a0c;-webkit-box-decoration-break:clone;box-decoration-break:clone;padding-top:0px;padding-right:0px;padding-bottom:0px;padding-left:0px;}.wp-block-kadence-advancedheading.kt-adv-heading358_faa23e-e5 img.kb-inline-image, .wp-block-kadence-advancedheading.kt-adv-heading358_faa23e-e5[data-kb-block=\"kb-adv-heading358_faa23e-e5\"] img.kb-inline-image{width:150px;vertical-align:baseline;}@media all and (max-width: 767px){.wp-block-kadence-advancedheading.kt-adv-heading358_faa23e-e5, .wp-block-kadence-advancedheading.kt-adv-heading358_faa23e-e5[data-kb-block=\"kb-adv-heading358_faa23e-e5\"]{text-align:center!important;}}<\/style>\n<p class=\"kt-adv-heading358_faa23e-e5 wp-block-kadence-advancedheading\" data-kb-block=\"kb-adv-heading358_faa23e-e5\">Asuu ja ty\u00f6skentelee Helsingiss\u00e4<\/p>\n<\/div><\/div>\n\n\n<style>.kadence-column358_738310-af > .kt-inside-inner-col,.kadence-column358_738310-af > .kt-inside-inner-col:before{border-top-left-radius:0px;border-top-right-radius:0px;border-bottom-right-radius:0px;border-bottom-left-radius:0px;}.kadence-column358_738310-af > .kt-inside-inner-col{column-gap:var(--global-kb-gap-sm, 1rem);}.kadence-column358_738310-af > .kt-inside-inner-col{flex-direction:column;}.kadence-column358_738310-af > .kt-inside-inner-col > .aligncenter{width:100%;}.kadence-column358_738310-af > .kt-inside-inner-col:before{opacity:0.3;}.kadence-column358_738310-af{text-align:left;}.kadence-column358_738310-af{position:relative;}@media all and (max-width: 1024px){.kadence-column358_738310-af > .kt-inside-inner-col{flex-direction:column;justify-content:center;}}@media all and (max-width: 767px){.kadence-column358_738310-af > .kt-inside-inner-col{flex-direction:column;justify-content:center;}}<\/style>\n<div class=\"wp-block-kadence-column kadence-column358_738310-af inner-column-2\"><div class=\"kt-inside-inner-col\"><style>.wp-block-kadence-advancedheading.kt-adv-heading358_10902a-82, .wp-block-kadence-advancedheading.kt-adv-heading358_10902a-82[data-kb-block=\"kb-adv-heading358_10902a-82\"]{text-align:left;font-style:normal;}.wp-block-kadence-advancedheading.kt-adv-heading358_10902a-82 mark.kt-highlight, .wp-block-kadence-advancedheading.kt-adv-heading358_10902a-82[data-kb-block=\"kb-adv-heading358_10902a-82\"] mark.kt-highlight{font-style:normal;color:#f76a0c;-webkit-box-decoration-break:clone;box-decoration-break:clone;padding-top:0px;padding-right:0px;padding-bottom:0px;padding-left:0px;}.wp-block-kadence-advancedheading.kt-adv-heading358_10902a-82 img.kb-inline-image, .wp-block-kadence-advancedheading.kt-adv-heading358_10902a-82[data-kb-block=\"kb-adv-heading358_10902a-82\"] img.kb-inline-image{width:150px;vertical-align:baseline;}@media all and (max-width: 767px){.wp-block-kadence-advancedheading.kt-adv-heading358_10902a-82, .wp-block-kadence-advancedheading.kt-adv-heading358_10902a-82[data-kb-block=\"kb-adv-heading358_10902a-82\"]{text-align:center!important;}}<\/style>\n<p class=\"kt-adv-heading358_10902a-82 wp-block-kadence-advancedheading\" data-kb-block=\"kb-adv-heading358_10902a-82\">Pronominit: <a rel=\"noreferrer noopener\" href=\"https:\/\/en.wikipedia.org\/wiki\/Singular_they\" target=\"_blank\">they<\/a>, <a rel=\"noreferrer noopener\" href=\"https:\/\/fi.wikipedia.org\/wiki\/Hen-pronomini\" target=\"_blank\">hen<\/a>, <a rel=\"noreferrer noopener\" href=\"https:\/\/en.wikipedia.org\/wiki\/Iel_(pronoun)\" target=\"_blank\">iel<\/a><\/p>\n\n\n<style>.wp-block-kadence-advancedheading.kt-adv-heading358_dcc422-4b, .wp-block-kadence-advancedheading.kt-adv-heading358_dcc422-4b[data-kb-block=\"kb-adv-heading358_dcc422-4b\"]{text-align:left;font-style:normal;}.wp-block-kadence-advancedheading.kt-adv-heading358_dcc422-4b mark.kt-highlight, .wp-block-kadence-advancedheading.kt-adv-heading358_dcc422-4b[data-kb-block=\"kb-adv-heading358_dcc422-4b\"] mark.kt-highlight{font-style:normal;color:#f76a0c;-webkit-box-decoration-break:clone;box-decoration-break:clone;padding-top:0px;padding-right:0px;padding-bottom:0px;padding-left:0px;}.wp-block-kadence-advancedheading.kt-adv-heading358_dcc422-4b img.kb-inline-image, .wp-block-kadence-advancedheading.kt-adv-heading358_dcc422-4b[data-kb-block=\"kb-adv-heading358_dcc422-4b\"] img.kb-inline-image{width:150px;vertical-align:baseline;}@media all and (max-width: 767px){.wp-block-kadence-advancedheading.kt-adv-heading358_dcc422-4b, .wp-block-kadence-advancedheading.kt-adv-heading358_dcc422-4b[data-kb-block=\"kb-adv-heading358_dcc422-4b\"]{text-align:center!important;}}<\/style>\n<p class=\"kt-adv-heading358_dcc422-4b wp-block-kadence-advancedheading\" data-kb-block=\"kb-adv-heading358_dcc422-4b\">kaura@raudaskoski.fi<\/p>\n\n\n<style>.wp-block-kadence-advancedheading.kt-adv-heading358_7de55e-26, .wp-block-kadence-advancedheading.kt-adv-heading358_7de55e-26[data-kb-block=\"kb-adv-heading358_7de55e-26\"]{text-align:left;font-style:normal;}.wp-block-kadence-advancedheading.kt-adv-heading358_7de55e-26 mark.kt-highlight, .wp-block-kadence-advancedheading.kt-adv-heading358_7de55e-26[data-kb-block=\"kb-adv-heading358_7de55e-26\"] mark.kt-highlight{font-style:normal;color:#f76a0c;-webkit-box-decoration-break:clone;box-decoration-break:clone;padding-top:0px;padding-right:0px;padding-bottom:0px;padding-left:0px;}.wp-block-kadence-advancedheading.kt-adv-heading358_7de55e-26 img.kb-inline-image, .wp-block-kadence-advancedheading.kt-adv-heading358_7de55e-26[data-kb-block=\"kb-adv-heading358_7de55e-26\"] img.kb-inline-image{width:150px;vertical-align:baseline;}@media all and (max-width: 767px){.wp-block-kadence-advancedheading.kt-adv-heading358_7de55e-26, .wp-block-kadence-advancedheading.kt-adv-heading358_7de55e-26[data-kb-block=\"kb-adv-heading358_7de55e-26\"]{text-align:center!important;}}<\/style>\n<p class=\"kt-adv-heading358_7de55e-26 wp-block-kadence-advancedheading\" data-kb-block=\"kb-adv-heading358_7de55e-26\"><a href=\"https:\/\/feministinenpedagogiikka.fi\">feministinenpedagogiikka.net<\/a><\/p>\n<\/div><\/div>\n\n<\/div><\/div>\n\n\n<h2 class=\"wp-block-heading has-text-align-center\">Bio<\/h2>\n\n\n\n<p class=\"justify-left\">Olen taide- ja yhteis\u00f6pedagogi, taiteilija, tuottaja ja filosofian opettaja, joka ty\u00f6skentelee monialaisesti kulttuurikent\u00e4ll\u00e4 sek\u00e4 koulutuksessa. Taiteellisessa ja pedagogisessa ty\u00f6ss\u00e4ni yhdist\u00e4n taidekasvatuksen, moraalifilosofian, sukupuolentutkimuksen, feminististen k\u00e4yt\u00e4nt\u00f6jen ja posthumanismin teoriaa ja ruohonjuuritason k\u00e4yt\u00e4nt\u00f6j\u00e4. Ty\u00f6skentelyss\u00e4ni korostuu saavutettavuus, feminismi ja instiuutio- sek\u00e4 teknologiakritiikki. Vertaisarvioitu opinn\u00e4ytteeni <a href=\"https:\/\/aaltodoc.aalto.fi\/handle\/123456789\/41563\">Queering Finnish Art Education (2019)<\/a> k\u00e4sittelee queer-n\u00e4k\u00f6kulmaa ja -teoriaa suomalaisen taidekasvatuksen kontekstissa, ja sen j\u00e4lkeen olen julkaissut p\u00e4\u00e4asiassa <a href=\"https:\/\/feministinenpedagogiikka.fi\/#cv\">tekstej\u00e4 feministisest\u00e4 pedagogiikasta<\/a> yhdess\u00e4 ty\u00f6parini Jemina Lindholmin kanssa. Olen <a href=\"http:\/\/internationallgbtqhm.com\/\">kansainv\u00e4lisen queer-historiakuukausien komitean<\/a> perustajaj\u00e4sen ja <a href=\"https:\/\/seta.fi\">Setan<\/a> sukupuolen moninaisuuden toimikunnan j\u00e4sen 2022-2023. Toimin aktiivisena organisoijana monissa ruohonjuuritason liikkeiss\u00e4.<\/p>\n","protected":false},"excerpt":{"rendered":"<p>Bio Olen taide- ja yhteis\u00f6pedagogi, taiteilija, tuottaja ja filosofian opettaja, joka ty\u00f6skentelee monialaisesti kulttuurikent\u00e4ll\u00e4 sek\u00e4 koulutuksessa. Taiteellisessa ja pedagogisessa ty\u00f6ss\u00e4ni yhdist\u00e4n taidekasvatuksen, moraalifilosofian, sukupuolentutkimuksen, feminististen k\u00e4yt\u00e4nt\u00f6jen ja posthumanismin teoriaa ja ruohonjuuritason k\u00e4yt\u00e4nt\u00f6j\u00e4. Ty\u00f6skentelyss\u00e4ni korostuu saavutettavuus, feminismi ja instiuutio- sek\u00e4 teknologiakritiikki. Vertaisarvioitu opinn\u00e4ytteeni Queering Finnish Art Education (2019) k\u00e4sittelee queer-n\u00e4k\u00f6kulmaa ja -teoriaa suomalaisen taidekasvatuksen kontekstissa, ja&#8230;<\/p>\n","protected":false},"author":1,"featured_media":0,"parent":0,"menu_order":0,"comment_status":"closed","ping_status":"closed","template":"","meta":{"_kad_blocks_custom_css":"","_kad_blocks_head_custom_js":"","_kad_blocks_body_custom_js":"","_kad_blocks_footer_custom_js":"","_kad_post_transparent":"","_kad_post_title":"","_kad_post_layout":"","_kad_post_sidebar_id":"","_kad_post_content_style":"","_kad_post_vertical_padding":"","_kad_post_feature":"","_kad_post_feature_position":"","_kad_post_header":false,"_kad_post_footer":false,"_kad_post_classname":"","footnotes":""},"class_list":["post-192","page","type-page","status-publish","hentry"],"taxonomy_info":[],"featured_image_src_large":false,"author_info":{"display_name":"Kaura","author_link":"https:\/\/raudaskoski.fi\/kaura\/author\/kaura\/"},"comment_info":0,"_links":{"self":[{"href":"https:\/\/raudaskoski.fi\/kaura\/wp-json\/wp\/v2\/pages\/192","targetHints":{"allow":["GET"]}}],"collection":[{"href":"https:\/\/raudaskoski.fi\/kaura\/wp-json\/wp\/v2\/pages"}],"about":[{"href":"https:\/\/raudaskoski.fi\/kaura\/wp-json\/wp\/v2\/types\/page"}],"author":[{"embeddable":true,"href":"https:\/\/raudaskoski.fi\/kaura\/wp-json\/wp\/v2\/users\/1"}],"replies":[{"embeddable":true,"href":"https:\/\/raudaskoski.fi\/kaura\/wp-json\/wp\/v2\/comments?post=192"}],"version-history":[{"count":3,"href":"https:\/\/raudaskoski.fi\/kaura\/wp-json\/wp\/v2\/pages\/192\/revisions"}],"predecessor-version":[{"id":877,"href":"https:\/\/raudaskoski.fi\/kaura\/wp-json\/wp\/v2\/pages\/192\/revisions\/877"}],"wp:attachment":[{"href":"https:\/\/raudaskoski.fi\/kaura\/wp-json\/wp\/v2\/media?parent=192"}],"curies":[{"name":"wp","href":"https:\/\/api.w.org\/{rel}","templated":true}]}}